{"id":561,"date":"2026-03-09T11:01:37","date_gmt":"2026-03-09T11:01:37","guid":{"rendered":"https:\/\/liolab.eu\/?post_type=product&#038;p=561"},"modified":"2026-03-09T11:18:23","modified_gmt":"2026-03-09T11:18:23","slug":"slive","status":"publish","type":"product","link":"https:\/\/liolab.eu\/en\/product\/slive\/","title":{"rendered":"Slive"},"content":{"rendered":"<p dir=\"auto\"><strong>Sestavine:<\/strong> 100% Slive \ud83e\uded0 <span style=\"font-weight: 400;\">Pakirane v steklenem kozarcu 50g<\/span>.<br \/>\n<strong>Rok trajanja:<\/strong><span style=\"font-weight: 400;\">\u00a0najmanj dve leti od datuma pakiranja.<br \/>\n<\/span><span style=\"font-weight: 400;\"><strong>POMEMBNO:<\/strong> Po uporabi kozarec dobro zaprite, da produkt ostane hrustljav.<\/span><\/p>","protected":false},"excerpt":{"rendered":"<p><span style=\"font-weight: 400;\">Na\u0161e liofilizirane slive so pridelane lokalno, z veliko skrbjo in spo\u0161tovanjem do narave, kar zagotavlja vrhunsko kakovost in sve\u017eino. Z inovativnim postopkom liofilizacije ohranjamo vse njihove naravne vitamine, vlaknine in bogat okus, tako da jih lahko u\u017eivate skozi celo leto. Popestrite svoje sladice s kan\u010dkom naravne sladkobe.<\/span><\/p>","protected":false},"featured_media":562,"comment_status":"open","ping_status":"closed","template":"","meta":[],"product_brand":[],"product_cat":[15,28],"product_tag":[],"class_list":{"0":"post-561","1":"product","2":"type-product","3":"status-publish","4":"has-post-thumbnail","6":"product_cat-uncategorized","7":"product_cat-liofilizirano-sadje","9":"first","10":"instock","11":"sale","12":"shipping-taxable","13":"purchasable","14":"product-type-simple"},"_links":{"self":[{"href":"https:\/\/liolab.eu\/en\/wp-json\/wp\/v2\/product\/561","targetHints":{"allow":["GET"]}}],"collection":[{"href":"https:\/\/liolab.eu\/en\/wp-json\/wp\/v2\/product"}],"about":[{"href":"https:\/\/liolab.eu\/en\/wp-json\/wp\/v2\/types\/product"}],"replies":[{"embeddable":true,"href":"https:\/\/liolab.eu\/en\/wp-json\/wp\/v2\/comments?post=561"}],"version-history":[{"count":0,"href":"https:\/\/liolab.eu\/en\/wp-json\/wp\/v2\/product\/561\/revisions"}],"wp:featuredmedia":[{"embeddable":true,"href":"https:\/\/liolab.eu\/en\/wp-json\/wp\/v2\/media\/562"}],"wp:attachment":[{"href":"https:\/\/liolab.eu\/en\/wp-json\/wp\/v2\/media?parent=561"}],"wp:term":[{"taxonomy":"product_brand","embeddable":true,"href":"https:\/\/liolab.eu\/en\/wp-json\/wp\/v2\/product_brand?post=561"},{"taxonomy":"product_cat","embeddable":true,"href":"https:\/\/liolab.eu\/en\/wp-json\/wp\/v2\/product_cat?post=561"},{"taxonomy":"product_tag","embeddable":true,"href":"https:\/\/liolab.eu\/en\/wp-json\/wp\/v2\/product_tag?post=561"}],"curies":[{"name":"wp","href":"https:\/\/api.w.org\/{rel}","templated":true}]}}