{"id":12,"date":"2026-02-18T08:07:37","date_gmt":"2026-02-18T08:07:37","guid":{"rendered":"https:\/\/liolab.eu\/my-account\/"},"modified":"2026-03-02T10:48:20","modified_gmt":"2026-03-02T10:48:20","slug":"my-account","status":"publish","type":"page","link":"https:\/\/liolab.eu\/en\/my-account\/","title":{"rendered":"My Account"},"content":{"rendered":"<div data-elementor-type=\"wp-page\" data-elementor-id=\"12\" class=\"elementor elementor-12\" data-elementor-post-type=\"page\">\n\t\t\t\t<div class=\"elementor-element elementor-element-098cdb2 e-flex e-con-boxed e-con e-parent\" data-id=\"098cdb2\" data-element_type=\"container\" data-e-type=\"container\">\n\t\t\t\t\t<div class=\"e-con-inner\">\n\t\t\t\t<div class=\"elementor-element elementor-element-2068293 e-my-account-tabs-vertical elementor-widget elementor-widget-woocommerce-my-account\" data-id=\"2068293\" data-element_type=\"widget\" data-e-type=\"widget\" data-widget_type=\"woocommerce-my-account.default\">\n\t\t\t\t\t<div class=\"e-my-account-tab e-my-account-tab__\">\t\t\t<div class=\"woocommerce\"><\/div>\t\t<\/div>\n\t\t\t\t\t\t<\/div>\n\t\t\t\t\t<\/div>\n\t\t\t\t<\/div>\n\t\t\t\t<\/div>","protected":false},"excerpt":{"rendered":"<p>Nadzorna plo\u0161\u010da Naro\u010dila Prenosi Naslovi Podatki ra\u010duna Odjava \u017divijo admin (niste admin? Odjava) V va\u0161i nadzorni plo\u0161\u010di ra\u010duna si lahko ogledate nedavna naro\u010dila, upravljate va\u0161e pla\u010dni\u0161ke in dostavne naslove ter urejate va\u0161e geslo in podatke ra\u010duna.<\/p>","protected":false},"author":1,"featured_media":0,"parent":0,"menu_order":0,"comment_status":"closed","ping_status":"closed","template":"elementor_header_footer","meta":{"footnotes":""},"class_list":["post-12","page","type-page","status-publish","hentry"],"_links":{"self":[{"href":"https:\/\/liolab.eu\/en\/wp-json\/wp\/v2\/pages\/12","targetHints":{"allow":["GET"]}}],"collection":[{"href":"https:\/\/liolab.eu\/en\/wp-json\/wp\/v2\/pages"}],"about":[{"href":"https:\/\/liolab.eu\/en\/wp-json\/wp\/v2\/types\/page"}],"author":[{"embeddable":true,"href":"https:\/\/liolab.eu\/en\/wp-json\/wp\/v2\/users\/1"}],"replies":[{"embeddable":true,"href":"https:\/\/liolab.eu\/en\/wp-json\/wp\/v2\/comments?post=12"}],"version-history":[{"count":0,"href":"https:\/\/liolab.eu\/en\/wp-json\/wp\/v2\/pages\/12\/revisions"}],"wp:attachment":[{"href":"https:\/\/liolab.eu\/en\/wp-json\/wp\/v2\/media?parent=12"}],"curies":[{"name":"wp","href":"https:\/\/api.w.org\/{rel}","templated":true}]}}